{"id":11,"date":"2025-11-28T16:01:04","date_gmt":"2025-11-28T16:01:04","guid":{"rendered":"https:\/\/distributeurautomatiquecbd.fr\/?page_id=11"},"modified":"2026-01-10T12:51:10","modified_gmt":"2026-01-10T12:51:10","slug":"distributeur-automatique-cbd-accueil","status":"publish","type":"page","link":"https:\/\/distributeurautomatiquecbd.fr\/","title":{"rendered":"Distributeur automatique CBD | Accueil"},"content":{"rendered":"\t\t<div data-elementor-type=\"wp-post\" data-elementor-id=\"11\" class=\"elementor elementor-11\">\n\t\t\t\t<div class=\"elementor-element elementor-element-740b86c e-flex e-con-boxed e-con e-parent\" data-id=\"740b86c\" data-element_type=\"container\" data-settings=\"{&quot;background_background&quot;:&quot;classic&quot;,&quot;shape_divider_bottom&quot;:&quot;wave-brush&quot;}\">\n\t\t\t\t\t<div class=\"e-con-inner\">\n\t\t\t\t<div class=\"elementor-shape elementor-shape-bottom\" aria-hidden=\"true\" data-negative=\"false\">\n\t\t\t<svg xmlns=\"http:\/\/www.w3.org\/2000\/svg\" viewBox=\"0 0 283.5 27.8\" preserveAspectRatio=\"none\">\n\t<path class=\"elementor-shape-fill\" d=\"M283.5,9.7c0,0-7.3,4.3-14,4.6c-6.8,0.3-12.6,0-20.9-1.5c-11.3-2-33.1-10.1-44.7-5.7\ts-12.1,4.6-18,7.4c-6.6,3.2-20,9.6-36.6,9.3C131.6,23.5,99.5,7.2,86.3,8c-1.4,0.1-6.6,0.8-10.5,2c-3.8,1.2-9.4,3.8-17,4.7\tc-3.2,0.4-8.3,1.1-14.2,0.9c-1.5-0.1-6.3-0.4-12-1.6c-5.7-1.2-11-3.1-15.8-3.7C6.5,9.2,0,10.8,0,10.8V0h283.5V9.7z M260.8,11.3\tc-0.7-1-2-0.4-4.3-0.4c-2.3,0-6.1-1.2-5.8-1.1c0.3,0.1,3.1,1.5,6,1.9C259.7,12.2,261.4,12.3,260.8,11.3z M242.4,8.6\tc0,0-2.4-0.2-5.6-0.9c-3.2-0.8-10.3-2.8-15.1-3.5c-8.2-1.1-15.8,0-15.1,0.1c0.8,0.1,9.6-0.6,17.6,1.1c3.3,0.7,9.3,2.2,12.4,2.7\tC239.9,8.7,242.4,8.6,242.4,8.6z M185.2,8.5c1.7-0.7-13.3,4.7-18.5,6.1c-2.1,0.6-6.2,1.6-10,2c-3.9,0.4-8.9,0.4-8.8,0.5\tc0,0.2,5.8,0.8,11.2,0c5.4-0.8,5.2-1.1,7.6-1.6C170.5,14.7,183.5,9.2,185.2,8.5z M199.1,6.9c0.2,0-0.8-0.4-4.8,1.1\tc-4,1.5-6.7,3.5-6.9,3.7c-0.2,0.1,3.5-1.8,6.6-3C197,7.5,199,6.9,199.1,6.9z M283,6c-0.1,0.1-1.9,1.1-4.8,2.5s-6.9,2.8-6.7,2.7\tc0.2,0,3.5-0.6,7.4-2.5C282.8,6.8,283.1,5.9,283,6z M31.3,11.6c0.1-0.2-1.9-0.2-4.5-1.2s-5.4-1.6-7.8-2C15,7.6,7.3,8.5,7.7,8.6\tC8,8.7,15.9,8.3,20.2,9.3c2.2,0.5,2.4,0.5,5.7,1.6S31.2,11.9,31.3,11.6z M73,9.2c0.4-0.1,3.5-1.6,8.4-2.6c4.9-1.1,8.9-0.5,8.9-0.8\tc0-0.3-1-0.9-6.2-0.3S72.6,9.3,73,9.2z M71.6,6.7C71.8,6.8,75,5.4,77.3,5c2.3-0.3,1.9-0.5,1.9-0.6c0-0.1-1.1-0.2-2.7,0.2\tC74.8,5.1,71.4,6.6,71.6,6.7z M93.6,4.4c0.1,0.2,3.5,0.8,5.6,1.8c2.1,1,1.8,0.6,1.9,0.5c0.1-0.1-0.8-0.8-2.4-1.3\tC97.1,4.8,93.5,4.2,93.6,4.4z M65.4,11.1c-0.1,0.3,0.3,0.5,1.9-0.2s2.6-1.3,2.2-1.2s-0.9,0.4-2.5,0.8C65.3,10.9,65.5,10.8,65.4,11.1\tz M34.5,12.4c-0.2,0,2.1,0.8,3.3,0.9c1.2,0.1,2,0.1,2-0.2c0-0.3-0.1-0.5-1.6-0.4C36.6,12.8,34.7,12.4,34.5,12.4z M152.2,21.1\tc-0.1,0.1-2.4-0.3-7.5-0.3c-5,0-13.6-2.4-17.2-3.5c-3.6-1.1,10,3.9,16.5,4.1C150.5,21.6,152.3,21,152.2,21.1z\"\/>\n\t<path class=\"elementor-shape-fill\" d=\"M269.6,18c-0.1-0.1-4.6,0.3-7.2,0c-7.3-0.7-17-3.2-16.6-2.9c0.4,0.3,13.7,3.1,17,3.3\tC267.7,18.8,269.7,18,269.6,18z\"\/>\n\t<path class=\"elementor-shape-fill\" d=\"M227.4,9.8c-0.2-0.1-4.5-1-9.5-1.2c-5-0.2-12.7,0.6-12.3,0.5c0.3-0.1,5.9-1.8,13.3-1.2\tS227.6,9.9,227.4,9.8z\"\/>\n\t<path class=\"elementor-shape-fill\" d=\"M204.5,13.4c-0.1-0.1,2-1,3.2-1.1c1.2-0.1,2,0,2,0.3c0,0.3-0.1,0.5-1.6,0.4\tC206.4,12.9,204.6,13.5,204.5,13.4z\"\/>\n\t<path class=\"elementor-shape-fill\" d=\"M201,10.6c0-0.1-4.4,1.2-6.3,2.2c-1.9,0.9-6.2,3.1-6.1,3.1c0.1,0.1,4.2-1.6,6.3-2.6\tS201,10.7,201,10.6z\"\/>\n\t<path class=\"elementor-shape-fill\" d=\"M154.5,26.7c-0.1-0.1-4.6,0.3-7.2,0c-7.3-0.7-17-3.2-16.6-2.9c0.4,0.3,13.7,3.1,17,3.3\tC152.6,27.5,154.6,26.8,154.5,26.7z\"\/>\n\t<path class=\"elementor-shape-fill\" d=\"M41.9,19.3c0,0,1.2-0.3,2.9-0.1c1.7,0.2,5.8,0.9,8.2,0.7c4.2-0.4,7.4-2.7,7-2.6\tc-0.4,0-4.3,2.2-8.6,1.9c-1.8-0.1-5.1-0.5-6.7-0.4S41.9,19.3,41.9,19.3z\"\/>\n\t<path class=\"elementor-shape-fill\" d=\"M75.5,12.6c0.2,0.1,2-0.8,4.3-1.1c2.3-0.2,2.1-0.3,2.1-0.5c0-0.1-1.8-0.4-3.4,0\tC76.9,11.5,75.3,12.5,75.5,12.6z\"\/>\n\t<path class=\"elementor-shape-fill\" d=\"M15.6,13.2c0-0.1,4.3,0,6.7,0.5c2.4,0.5,5,1.9,5,2c0,0.1-2.7-0.8-5.1-1.4\tC19.9,13.7,15.7,13.3,15.6,13.2z\"\/>\n<\/svg>\t\t<\/div>\n\t\t<div class=\"elementor-element elementor-element-3b0baeb e-con-full e-flex e-con e-child\" data-id=\"3b0baeb\" data-element_type=\"container\">\n\t\t\t\t<div class=\"elementor-element elementor-element-7d8e3a0 elementor-widget elementor-widget-text-editor\" data-id=\"7d8e3a0\" data-element_type=\"widget\" data-widget_type=\"text-editor.default\">\n\t\t\t\t\t\t\t\t\t<p>\u00a0<a href=\"https:\/\/frenchcbdreams.fr\/\" target=\"_blank\" rel=\"noopener\">Frenchcbdreams<\/a> est une soci\u00e9t\u00e9 sp\u00e9cialis\u00e9e dans la production, la distribution, la transformation de CBD depuis 2018. Cette exp\u00e9rience nous permet aujourd&rsquo;hui de vous proposer une formule \u00e0 base de CBD 100 % fran\u00e7ais.<\/p><p>Que ce soit dans le but de proposer une qualit\u00e9 premium et des produits sains \u00e0 vos clients, ou bien de garantir une tra\u00e7abilit\u00e9 parfaite dans la distribution autonome de CBD, Frenchcbdreams est l\u00e0 pour y r\u00e9pondre :\u00a0<\/p><ol><li>Pose du distributeur\u00a0 \/ Premier stock inclus<\/li><li>Gestion des r\u00e9f\u00e9rences \/ Tra\u00e7abilit\u00e9 garantie<\/li><li>Gestion des stocks \/ Service apr\u00e8s-vente<\/li><li>Syst\u00e8me de s\u00e9curit\u00e9 \/ Assurance n\u00e9goci\u00e9e<\/li><\/ol><p>Nous proposons tous les services dont vous avez besoin pour g\u00e9n\u00e9rer un revenu rapidement gr\u00e2ce \u00e0 trois distributeurs seulement.<\/p>\t\t\t\t\t\t\t\t<\/div>\n\t\t\t\t<\/div>\n\t\t\t\t<div class=\"elementor-element elementor-element-491bd8c elementor-widget elementor-widget-image\" data-id=\"491bd8c\" data-element_type=\"widget\" data-widget_type=\"image.default\">\n\t\t\t\t\t\t\t\t\t\t\t\t\t\t\t<img decoding=\"async\" src=\"https:\/\/distributeurautomatiquecbd.fr\/wp-content\/uploads\/elementor\/thumbs\/Distributeur-cbd-e1764347039392-rfdngt5pvvo79m5kmkp7t80i4h4qiwgcqub1mbx7rc.webp\" title=\"Distributeur-cbd\" alt=\"distributeur cbd france\" loading=\"lazy\" \/>\t\t\t\t\t\t\t\t\t\t\t\t\t\t\t<\/div>\n\t\t\t\t\t<\/div>\n\t\t\t\t<\/div>\n\t\t<div class=\"elementor-element elementor-element-2e8486e e-flex e-con-boxed e-con e-parent\" data-id=\"2e8486e\" data-element_type=\"container\">\n\t\t\t\t\t<div class=\"e-con-inner\">\n\t\t\t\t<div class=\"elementor-element elementor-element-b63e8ef elementor-widget-divider--view-line elementor-widget elementor-widget-divider\" data-id=\"b63e8ef\" data-element_type=\"widget\" data-widget_type=\"divider.default\">\n\t\t\t\t\t\t\t<div class=\"elementor-divider\">\n\t\t\t<span class=\"elementor-divider-separator\">\n\t\t\t\t\t\t<\/span>\n\t\t<\/div>\n\t\t\t\t\t\t<\/div>\n\t\t\t\t\t<\/div>\n\t\t\t\t<\/div>\n\t\t<div class=\"elementor-element elementor-element-f2222af e-flex e-con-boxed e-con e-parent\" data-id=\"f2222af\" data-element_type=\"container\">\n\t\t\t\t\t<div class=\"e-con-inner\">\n\t\t<div class=\"elementor-element elementor-element-9ea6067 e-con-full e-flex e-con e-child\" data-id=\"9ea6067\" data-element_type=\"container\">\n\t\t\t\t<div class=\"elementor-element elementor-element-d120d44 elementor-widget elementor-widget-image\" data-id=\"d120d44\" data-element_type=\"widget\" data-widget_type=\"image.default\">\n\t\t\t\t\t\t\t\t\t\t\t\t\t\t\t<img fetchpriority=\"high\" decoding=\"async\" width=\"499\" height=\"400\" src=\"https:\/\/distributeurautomatiquecbd.fr\/wp-content\/uploads\/2025\/11\/logo-lda.webp\" class=\"attachment-large size-large wp-image-58\" alt=\"distributeur autonome\" srcset=\"https:\/\/distributeurautomatiquecbd.fr\/wp-content\/uploads\/2025\/11\/logo-lda.webp 499w, https:\/\/distributeurautomatiquecbd.fr\/wp-content\/uploads\/2025\/11\/logo-lda-300x240.webp 300w\" sizes=\"(max-width: 499px) 100vw, 499px\" \/>\t\t\t\t\t\t\t\t\t\t\t\t\t\t\t<\/div>\n\t\t\t\t<\/div>\n\t\t<div class=\"elementor-element elementor-element-6bb5f00 e-con-full e-flex e-con e-child\" data-id=\"6bb5f00\" data-element_type=\"container\">\n\t\t\t\t<div class=\"elementor-element elementor-element-772ee4e elementor-widget elementor-widget-text-editor\" data-id=\"772ee4e\" data-element_type=\"widget\" data-widget_type=\"text-editor.default\">\n\t\t\t\t\t\t\t\t\t<p>\u00a0<\/p><p>Nous avons d\u00e9velopp\u00e9 un partenariat solide entre deux soci\u00e9t\u00e9s fran\u00e7aises reconnues, ce qui garantit \u00e0 nos clients des relations commerciales solides et p\u00e9rennes !<\/p><p>La soci\u00e9t\u00e9 LDA dispose de l&rsquo;exclusivit\u00e9 \u00e0 l&rsquo;import sur notre mod\u00e8le mural, ainsi, cela nous permet de disposer d&rsquo;un SAV et d&rsquo;un retour tr\u00e8s rapide. Bien que nos distributeurs soient fiables, il est important de s&rsquo;assurer d&rsquo;un d\u00e9pannage rapide en cas de probl\u00e8me.<\/p><p>Ainsi nous pouvons nous center sur le fait d&rsquo;approvisionner vos distributeurs pendant que LDA g\u00e8re pour nous toute la logistique li\u00e9e \u00e0 nos distributeurs.<\/p>\t\t\t\t\t\t\t\t<\/div>\n\t\t\t\t<\/div>\n\t\t\t\t\t<\/div>\n\t\t\t\t<\/div>\n\t\t\t\t<\/div>\n\t\t","protected":false},"excerpt":{"rendered":"<p>\u00a0Frenchcbdreams est une soci\u00e9t\u00e9 sp\u00e9cialis\u00e9e dans la production, la distribution, la transformation de CBD depuis 2018. Cette exp\u00e9rience nous permet aujourd&rsquo;hui de vous proposer une formule \u00e0 base de CBD 100 % fran\u00e7ais. Que ce soit dans le but de proposer une qualit\u00e9 premium et des produits sains \u00e0 vos clients, ou bien de garantir [&hellip;]<\/p>\n","protected":false},"author":1,"featured_media":0,"parent":0,"menu_order":0,"comment_status":"closed","ping_status":"closed","template":"","meta":{"footnotes":""},"class_list":["post-11","page","type-page","status-publish","hentry"],"blocksy_meta":[],"_links":{"self":[{"href":"https:\/\/distributeurautomatiquecbd.fr\/index.php\/wp-json\/wp\/v2\/pages\/11","targetHints":{"allow":["GET"]}}],"collection":[{"href":"https:\/\/distributeurautomatiquecbd.fr\/index.php\/wp-json\/wp\/v2\/pages"}],"about":[{"href":"https:\/\/distributeurautomatiquecbd.fr\/index.php\/wp-json\/wp\/v2\/types\/page"}],"author":[{"embeddable":true,"href":"https:\/\/distributeurautomatiquecbd.fr\/index.php\/wp-json\/wp\/v2\/users\/1"}],"replies":[{"embeddable":true,"href":"https:\/\/distributeurautomatiquecbd.fr\/index.php\/wp-json\/wp\/v2\/comments?post=11"}],"version-history":[{"count":40,"href":"https:\/\/distributeurautomatiquecbd.fr\/index.php\/wp-json\/wp\/v2\/pages\/11\/revisions"}],"predecessor-version":[{"id":83,"href":"https:\/\/distributeurautomatiquecbd.fr\/index.php\/wp-json\/wp\/v2\/pages\/11\/revisions\/83"}],"wp:attachment":[{"href":"https:\/\/distributeurautomatiquecbd.fr\/index.php\/wp-json\/wp\/v2\/media?parent=11"}],"curies":[{"name":"wp","href":"https:\/\/api.w.org\/{rel}","templated":true}]}}